{"id":530,"date":"2026-04-15T18:01:40","date_gmt":"2026-04-15T16:01:40","guid":{"rendered":"https:\/\/viosime.earth\/cdrozo\/?page_id=530"},"modified":"2026-04-16T09:45:28","modified_gmt":"2026-04-16T07:45:28","slug":"blog","status":"publish","type":"page","link":"https:\/\/viosime.earth\/cdrozo\/blog\/","title":{"rendered":"Blog"},"content":{"rendered":"\n<h1 class=\"wp-block-heading\">Blog de Viosime<\/h1>\n\n\n\n<h3 class=\"wp-block-heading\"><strong>Actualit\u00e9s et r\u00e9flexions autour des sujets risques, ESG, durabilit\u00e9 et finance responsable.<\/strong><\/h3>\n\n\n\n<div class=\"wp-block-columns is-layout-flex wp-container-core-columns-is-layout-28f84493 wp-block-columns-is-layout-flex\">\n<div class=\"wp-block-column is-layout-flow wp-block-column-is-layout-flow\">\n<figure class=\"wp-block-image size-large\"><img loading=\"lazy\" decoding=\"async\" width=\"1024\" height=\"683\" src=\"http:\/\/viosime.earth\/cdrozo\/wp-content\/uploads\/2026\/04\/coquelicot-2-1024x683.png\" alt=\"\" class=\"wp-image-525\" srcset=\"https:\/\/viosime.earth\/cdrozo\/wp-content\/uploads\/2026\/04\/coquelicot-2-1024x683.png 1024w, https:\/\/viosime.earth\/cdrozo\/wp-content\/uploads\/2026\/04\/coquelicot-2-300x200.png 300w, https:\/\/viosime.earth\/cdrozo\/wp-content\/uploads\/2026\/04\/coquelicot-2-768x512.png 768w, https:\/\/viosime.earth\/cdrozo\/wp-content\/uploads\/2026\/04\/coquelicot-2.png 1200w\" sizes=\"auto, (max-width: 1024px) 100vw, 1024px\" \/><\/figure>\n\n\n\n<h5 class=\"wp-block-heading\"><a href=\"https:\/\/viosime.earth\/cdrozo\/preservation-de-la-nature-et-financement-de-la-biodiversite\/\" type=\"link\" id=\"https:\/\/viosime.earth\/cdrozo\/preservation-de-la-nature-et-financement-de-la-biodiversite\/\">Pr\u00e9servation de la nature et financement de la biodiversit\u00e9<\/a><\/h5>\n\n\n\n<p>30\/03\/2026<\/p>\n<\/div>\n\n\n\n<div class=\"wp-block-column is-layout-flow wp-block-column-is-layout-flow\">\n<figure class=\"wp-block-image size-large\"><img loading=\"lazy\" decoding=\"async\" width=\"1024\" height=\"684\" src=\"https:\/\/viosime.earth\/cdrozo\/wp-content\/uploads\/2026\/04\/PHO0764-1-1024x684.jpg\" alt=\"\" class=\"wp-image-527\" srcset=\"https:\/\/viosime.earth\/cdrozo\/wp-content\/uploads\/2026\/04\/PHO0764-1-1024x684.jpg 1024w, https:\/\/viosime.earth\/cdrozo\/wp-content\/uploads\/2026\/04\/PHO0764-1-300x200.jpg 300w, https:\/\/viosime.earth\/cdrozo\/wp-content\/uploads\/2026\/04\/PHO0764-1-768x513.jpg 768w, https:\/\/viosime.earth\/cdrozo\/wp-content\/uploads\/2026\/04\/PHO0764-1-1536x1025.jpg 1536w, https:\/\/viosime.earth\/cdrozo\/wp-content\/uploads\/2026\/04\/PHO0764-1-2048x1367.jpg 2048w\" sizes=\"auto, (max-width: 1024px) 100vw, 1024px\" \/><\/figure>\n\n\n\n<h5 class=\"wp-block-heading\"><a href=\"https:\/\/viosime.earth\/cdrozo\/comptabilites-vertes-un-levier-de-pilotage-strategique-pour-des-modeles-daffaires-durables\/\" type=\"link\" id=\"https:\/\/viosime.earth\/cdrozo\/comptabilites-vertes-un-levier-de-pilotage-strategique-pour-des-modeles-daffaires-durables\/\">Comptabilit\u00e9s vertes : un levier de pilotage strat\u00e9gique pour des mod\u00e8les d\u2019affaires durables<\/a><\/h5>\n\n\n\n<p>27\/03\/2026<\/p>\n<\/div>\n\n\n\n<div class=\"wp-block-column is-layout-flow wp-block-column-is-layout-flow\">\n<h4 class=\"wp-block-heading has-text-align-center\"><\/h4>\n<\/div>\n<\/div>\n\n\n\n<p><\/p>\n","protected":false},"excerpt":{"rendered":"<p>Blog de Viosime Actualit\u00e9s et r\u00e9flexions autour des sujets risques, ESG, durabilit\u00e9 et finance responsable. Pr\u00e9servation de la nature et financement de la biodiversit\u00e9 30\/03\/2026 Comptabilit\u00e9s vertes : un levier de pilotage strat\u00e9gique pour des mod\u00e8les d\u2019affaires durables 27\/03\/2026<\/p>\n","protected":false},"author":1,"featured_media":0,"parent":0,"menu_order":0,"comment_status":"closed","ping_status":"closed","template":"","meta":{"site-sidebar-layout":"default","site-content-layout":"","ast-site-content-layout":"default","site-content-style":"default","site-sidebar-style":"default","ast-global-header-display":"","ast-banner-title-visibility":"","ast-main-header-display":"","ast-hfb-above-header-display":"","ast-hfb-below-header-display":"","ast-hfb-mobile-header-display":"","site-post-title":"disabled","ast-breadcrumbs-content":"","ast-featured-img":"","footer-sml-layout":"","ast-disable-related-posts":"","theme-transparent-header-meta":"","adv-header-id-meta":"","stick-header-meta":"","header-above-stick-meta":"","header-main-stick-meta":"","header-below-stick-meta":"","astra-migrate-meta-layouts":"set","ast-page-background-enabled":"default","ast-page-background-meta":{"desktop":{"background-color":"var(--ast-global-color-4)","background-image":"","background-repeat":"repeat","background-position":"center center","background-size":"auto","background-attachment":"scroll","background-type":"","background-media":"","overlay-type":"","overlay-color":"","overlay-opacity":"","overlay-gradient":""},"tablet":{"background-color":"","background-image":"","background-repeat":"repeat","background-position":"center center","background-size":"auto","background-attachment":"scroll","background-type":"","background-media":"","overlay-type":"","overlay-color":"","overlay-opacity":"","overlay-gradient":""},"mobile":{"background-color":"","background-image":"","background-repeat":"repeat","background-position":"center center","background-size":"auto","background-attachment":"scroll","background-type":"","background-media":"","overlay-type":"","overlay-color":"","overlay-opacity":"","overlay-gradient":""}},"ast-content-background-meta":{"desktop":{"background-color":"var(--ast-global-color-5)","background-image":"","background-repeat":"repeat","background-position":"center center","background-size":"auto","background-attachment":"scroll","background-type":"","background-media":"","overlay-type":"","overlay-color":"","overlay-opacity":"","overlay-gradient":""},"tablet":{"background-color":"var(--ast-global-color-5)","background-image":"","background-repeat":"repeat","background-position":"center center","background-size":"auto","background-attachment":"scroll","background-type":"","background-media":"","overlay-type":"","overlay-color":"","overlay-opacity":"","overlay-gradient":""},"mobile":{"background-color":"var(--ast-global-color-5)","background-image":"","background-repeat":"repeat","background-position":"center center","background-size":"auto","background-attachment":"scroll","background-type":"","background-media":"","overlay-type":"","overlay-color":"","overlay-opacity":"","overlay-gradient":""}},"footnotes":""},"class_list":["post-530","page","type-page","status-publish","hentry"],"yoast_head":"<!-- This site is optimized with the Yoast SEO plugin v27.4 - https:\/\/yoast.com\/product\/yoast-seo-wordpress\/ -->\n<title>Viosime - Blog<\/title>\n<meta name=\"robots\" content=\"index, follow, max-snippet:-1, max-image-preview:large, max-video-preview:-1\" \/>\n<link rel=\"canonical\" href=\"https:\/\/viosime.earth\/cdrozo\/blog\/\" \/>\n<meta property=\"og:locale\" content=\"fr_FR\" \/>\n<meta property=\"og:type\" content=\"article\" \/>\n<meta property=\"og:title\" content=\"Viosime - Blog\" \/>\n<meta property=\"og:description\" content=\"Blog de Viosime Actualit\u00e9s et r\u00e9flexions autour des sujets risques, ESG, durabilit\u00e9 et finance responsable. Pr\u00e9servation de la nature et financement de la biodiversit\u00e9 30\/03\/2026 Comptabilit\u00e9s vertes : un levier de pilotage strat\u00e9gique pour des mod\u00e8les d\u2019affaires durables 27\/03\/2026\" \/>\n<meta property=\"og:url\" content=\"https:\/\/viosime.earth\/cdrozo\/blog\/\" \/>\n<meta property=\"og:site_name\" content=\"Viosime\" \/>\n<meta property=\"article:modified_time\" content=\"2026-04-16T07:45:28+00:00\" \/>\n<meta property=\"og:image\" content=\"https:\/\/viosime.earth\/cdrozo\/wp-content\/uploads\/2026\/04\/coquelicot-2.png\" \/>\n\t<meta property=\"og:image:width\" content=\"1200\" \/>\n\t<meta property=\"og:image:height\" content=\"800\" \/>\n\t<meta property=\"og:image:type\" content=\"image\/png\" \/>\n<meta name=\"twitter:card\" content=\"summary_large_image\" \/>\n<meta name=\"twitter:label1\" content=\"Dur\u00e9e de lecture estim\u00e9e\" \/>\n\t<meta name=\"twitter:data1\" content=\"1 minute\" \/>\n<script type=\"application\/ld+json\" class=\"yoast-schema-graph\">{\"@context\":\"https:\\\/\\\/schema.org\",\"@graph\":[{\"@type\":\"WebPage\",\"@id\":\"https:\\\/\\\/viosime.earth\\\/cdrozo\\\/blog\\\/\",\"url\":\"https:\\\/\\\/viosime.earth\\\/cdrozo\\\/blog\\\/\",\"name\":\"Viosime - Blog\",\"isPartOf\":{\"@id\":\"http:\\\/\\\/viosime.earth\\\/cdrozo\\\/#website\"},\"primaryImageOfPage\":{\"@id\":\"https:\\\/\\\/viosime.earth\\\/cdrozo\\\/blog\\\/#primaryimage\"},\"image\":{\"@id\":\"https:\\\/\\\/viosime.earth\\\/cdrozo\\\/blog\\\/#primaryimage\"},\"thumbnailUrl\":\"http:\\\/\\\/viosime.earth\\\/cdrozo\\\/wp-content\\\/uploads\\\/2026\\\/04\\\/coquelicot-2-1024x683.png\",\"datePublished\":\"2026-04-15T16:01:40+00:00\",\"dateModified\":\"2026-04-16T07:45:28+00:00\",\"breadcrumb\":{\"@id\":\"https:\\\/\\\/viosime.earth\\\/cdrozo\\\/blog\\\/#breadcrumb\"},\"inLanguage\":\"fr-FR\",\"potentialAction\":[{\"@type\":\"ReadAction\",\"target\":[\"https:\\\/\\\/viosime.earth\\\/cdrozo\\\/blog\\\/\"]}]},{\"@type\":\"ImageObject\",\"inLanguage\":\"fr-FR\",\"@id\":\"https:\\\/\\\/viosime.earth\\\/cdrozo\\\/blog\\\/#primaryimage\",\"url\":\"https:\\\/\\\/viosime.earth\\\/cdrozo\\\/wp-content\\\/uploads\\\/2026\\\/04\\\/coquelicot-2.png\",\"contentUrl\":\"https:\\\/\\\/viosime.earth\\\/cdrozo\\\/wp-content\\\/uploads\\\/2026\\\/04\\\/coquelicot-2.png\",\"width\":1200,\"height\":800,\"caption\":\"Coquelicot. Cr\u00e9dit photo c.\"},{\"@type\":\"BreadcrumbList\",\"@id\":\"https:\\\/\\\/viosime.earth\\\/cdrozo\\\/blog\\\/#breadcrumb\",\"itemListElement\":[{\"@type\":\"ListItem\",\"position\":1,\"name\":\"Accueil\",\"item\":\"http:\\\/\\\/viosime.earth\\\/cdrozo\\\/\"},{\"@type\":\"ListItem\",\"position\":2,\"name\":\"Blog\"}]},{\"@type\":\"WebSite\",\"@id\":\"http:\\\/\\\/viosime.earth\\\/cdrozo\\\/#website\",\"url\":\"http:\\\/\\\/viosime.earth\\\/cdrozo\\\/\",\"name\":\"Viosime\",\"description\":\"Vous renforcer sur ce qui compte\",\"publisher\":{\"@id\":\"http:\\\/\\\/viosime.earth\\\/cdrozo\\\/#organization\"},\"potentialAction\":[{\"@type\":\"SearchAction\",\"target\":{\"@type\":\"EntryPoint\",\"urlTemplate\":\"http:\\\/\\\/viosime.earth\\\/cdrozo\\\/?s={search_term_string}\"},\"query-input\":{\"@type\":\"PropertyValueSpecification\",\"valueRequired\":true,\"valueName\":\"search_term_string\"}}],\"inLanguage\":\"fr-FR\"},{\"@type\":\"Organization\",\"@id\":\"http:\\\/\\\/viosime.earth\\\/cdrozo\\\/#organization\",\"name\":\"Viosime\",\"url\":\"http:\\\/\\\/viosime.earth\\\/cdrozo\\\/\",\"logo\":{\"@type\":\"ImageObject\",\"inLanguage\":\"fr-FR\",\"@id\":\"http:\\\/\\\/viosime.earth\\\/cdrozo\\\/#\\\/schema\\\/logo\\\/image\\\/\",\"url\":\"https:\\\/\\\/viosime.earth\\\/cdrozo\\\/wp-content\\\/uploads\\\/2023\\\/02\\\/cropped-cropped-logo-carre.png\",\"contentUrl\":\"https:\\\/\\\/viosime.earth\\\/cdrozo\\\/wp-content\\\/uploads\\\/2023\\\/02\\\/cropped-cropped-logo-carre.png\",\"width\":512,\"height\":457,\"caption\":\"Viosime\"},\"image\":{\"@id\":\"http:\\\/\\\/viosime.earth\\\/cdrozo\\\/#\\\/schema\\\/logo\\\/image\\\/\"},\"sameAs\":[\"https:\\\/\\\/linkedin.com\\\/viosime\"]}]}<\/script>\n<!-- \/ Yoast SEO plugin. -->","yoast_head_json":{"title":"Viosime - Blog","robots":{"index":"index","follow":"follow","max-snippet":"max-snippet:-1","max-image-preview":"max-image-preview:large","max-video-preview":"max-video-preview:-1"},"canonical":"https:\/\/viosime.earth\/cdrozo\/blog\/","og_locale":"fr_FR","og_type":"article","og_title":"Viosime - Blog","og_description":"Blog de Viosime Actualit\u00e9s et r\u00e9flexions autour des sujets risques, ESG, durabilit\u00e9 et finance responsable. Pr\u00e9servation de la nature et financement de la biodiversit\u00e9 30\/03\/2026 Comptabilit\u00e9s vertes : un levier de pilotage strat\u00e9gique pour des mod\u00e8les d\u2019affaires durables 27\/03\/2026","og_url":"https:\/\/viosime.earth\/cdrozo\/blog\/","og_site_name":"Viosime","article_modified_time":"2026-04-16T07:45:28+00:00","og_image":[{"width":1200,"height":800,"url":"https:\/\/viosime.earth\/cdrozo\/wp-content\/uploads\/2026\/04\/coquelicot-2.png","type":"image\/png"}],"twitter_card":"summary_large_image","twitter_misc":{"Dur\u00e9e de lecture estim\u00e9e":"1 minute"},"schema":{"@context":"https:\/\/schema.org","@graph":[{"@type":"WebPage","@id":"https:\/\/viosime.earth\/cdrozo\/blog\/","url":"https:\/\/viosime.earth\/cdrozo\/blog\/","name":"Viosime - Blog","isPartOf":{"@id":"http:\/\/viosime.earth\/cdrozo\/#website"},"primaryImageOfPage":{"@id":"https:\/\/viosime.earth\/cdrozo\/blog\/#primaryimage"},"image":{"@id":"https:\/\/viosime.earth\/cdrozo\/blog\/#primaryimage"},"thumbnailUrl":"http:\/\/viosime.earth\/cdrozo\/wp-content\/uploads\/2026\/04\/coquelicot-2-1024x683.png","datePublished":"2026-04-15T16:01:40+00:00","dateModified":"2026-04-16T07:45:28+00:00","breadcrumb":{"@id":"https:\/\/viosime.earth\/cdrozo\/blog\/#breadcrumb"},"inLanguage":"fr-FR","potentialAction":[{"@type":"ReadAction","target":["https:\/\/viosime.earth\/cdrozo\/blog\/"]}]},{"@type":"ImageObject","inLanguage":"fr-FR","@id":"https:\/\/viosime.earth\/cdrozo\/blog\/#primaryimage","url":"https:\/\/viosime.earth\/cdrozo\/wp-content\/uploads\/2026\/04\/coquelicot-2.png","contentUrl":"https:\/\/viosime.earth\/cdrozo\/wp-content\/uploads\/2026\/04\/coquelicot-2.png","width":1200,"height":800,"caption":"Coquelicot. Cr\u00e9dit photo c."},{"@type":"BreadcrumbList","@id":"https:\/\/viosime.earth\/cdrozo\/blog\/#breadcrumb","itemListElement":[{"@type":"ListItem","position":1,"name":"Accueil","item":"http:\/\/viosime.earth\/cdrozo\/"},{"@type":"ListItem","position":2,"name":"Blog"}]},{"@type":"WebSite","@id":"http:\/\/viosime.earth\/cdrozo\/#website","url":"http:\/\/viosime.earth\/cdrozo\/","name":"Viosime","description":"Vous renforcer sur ce qui compte","publisher":{"@id":"http:\/\/viosime.earth\/cdrozo\/#organization"},"potentialAction":[{"@type":"SearchAction","target":{"@type":"EntryPoint","urlTemplate":"http:\/\/viosime.earth\/cdrozo\/?s={search_term_string}"},"query-input":{"@type":"PropertyValueSpecification","valueRequired":true,"valueName":"search_term_string"}}],"inLanguage":"fr-FR"},{"@type":"Organization","@id":"http:\/\/viosime.earth\/cdrozo\/#organization","name":"Viosime","url":"http:\/\/viosime.earth\/cdrozo\/","logo":{"@type":"ImageObject","inLanguage":"fr-FR","@id":"http:\/\/viosime.earth\/cdrozo\/#\/schema\/logo\/image\/","url":"https:\/\/viosime.earth\/cdrozo\/wp-content\/uploads\/2023\/02\/cropped-cropped-logo-carre.png","contentUrl":"https:\/\/viosime.earth\/cdrozo\/wp-content\/uploads\/2023\/02\/cropped-cropped-logo-carre.png","width":512,"height":457,"caption":"Viosime"},"image":{"@id":"http:\/\/viosime.earth\/cdrozo\/#\/schema\/logo\/image\/"},"sameAs":["https:\/\/linkedin.com\/viosime"]}]}},"_links":{"self":[{"href":"https:\/\/viosime.earth\/cdrozo\/wp-json\/wp\/v2\/pages\/530","targetHints":{"allow":["GET"]}}],"collection":[{"href":"https:\/\/viosime.earth\/cdrozo\/wp-json\/wp\/v2\/pages"}],"about":[{"href":"https:\/\/viosime.earth\/cdrozo\/wp-json\/wp\/v2\/types\/page"}],"author":[{"embeddable":true,"href":"https:\/\/viosime.earth\/cdrozo\/wp-json\/wp\/v2\/users\/1"}],"replies":[{"embeddable":true,"href":"https:\/\/viosime.earth\/cdrozo\/wp-json\/wp\/v2\/comments?post=530"}],"version-history":[{"count":5,"href":"https:\/\/viosime.earth\/cdrozo\/wp-json\/wp\/v2\/pages\/530\/revisions"}],"predecessor-version":[{"id":580,"href":"https:\/\/viosime.earth\/cdrozo\/wp-json\/wp\/v2\/pages\/530\/revisions\/580"}],"wp:attachment":[{"href":"https:\/\/viosime.earth\/cdrozo\/wp-json\/wp\/v2\/media?parent=530"}],"curies":[{"name":"wp","href":"https:\/\/api.w.org\/{rel}","templated":true}]}}